{"id":840,"date":"2015-03-23T19:39:43","date_gmt":"2015-03-24T00:39:43","guid":{"rendered":"http:\/\/labdendro.uqar.ca\/?page_id=840"},"modified":"2019-10-19T22:20:31","modified_gmt":"2019-10-20T03:20:31","slug":"equipe","status":"publish","type":"page","link":"https:\/\/labdendro.uqar.ca\/en\/equipe\/","title":{"rendered":"Team"},"content":{"rendered":"<h4><span style=\"color: #000000;\">PhD students:<\/span><\/h4>\n<p><span style=\"color: #1974af;\"><strong>Zahed Schakeri: <span style=\"color: #000000;\">Fire-vegetation interactions along a strong gradient of fire activity in the eastern Canadian taiga<\/span><span style=\"color: #333333;\"><span style=\"color: #000000;\">.\u00a0<\/span><\/span><\/strong><span style=\"color: #333333;\"><span style=\"color: #000000;\">(<\/span><\/span><span style=\"color: #333333;\"><span style=\"color: #000000;\">with M Simard, U Laval)<\/span><\/span><\/span><\/p>\n<p><span style=\"color: #1974af;\"><strong>Feng Wang:<span style=\"color: #000000;\">\u00a0<\/span><\/strong><\/span><strong><span style=\"color: #000000;\">Millennial tree rings in the eastern Canadian taiga: maximum latewood density for climate reconstructions<\/span><\/strong><span style=\"color: #000000;\"> (with \u00c9. Boucher, UQAM)<\/span><\/p>\n<p><span style=\"color: #1774af;\"><strong>Nad\u00e8ge Trou-kechout:<\/strong>\u00a0<\/span><strong><span style=\"color: #000000;\">Eastern Canadian &#8211; north Atlantic\u00a0teleconnections\u00a0from tree rings over the last millennium\u00a0<\/span><\/strong><span style=\"color: #000000;\">(with \u00c9. Boucher, UQAM)<\/span><\/p>\n<p><strong><span style=\"color: #1974af;\">Tasneem Elzein:<\/span><span style=\"color: #000000;\">\u00a0Impact of forest management on forest structure and composition in the Lower St. Lawrence region (Quebec , Canada)\u00a0<\/span><\/strong><span style=\"color: #000000;\">(with L. Sirois, UQAR).<\/span><span style=\"color: #000000;\">\u00a0<\/span><\/p>\n<h4><span style=\"color: #000000;\">Co-supervised students:<\/span><\/h4>\n<p><strong><span style=\"color: #1774af;\">\u00a0Cassy Berguet:<span style=\"color: #000000;\">\u00a0Millennial s<\/span><\/span><span style=\"color: #000000;\">pruce budworm outbreaks dynamics from tree rings\u00a0<\/span><\/strong><span style=\"color: #000000;\">\u00a0(with H. Morin, UQAC)<\/span><\/p>\n<p><strong><span style=\"color: #1774af;\">Pauline Balducci: <span style=\"color: #000000;\">Millennial hydroclimatic reconstructions from stable isotopes in Qu\u00e9bec-Labrador \u00a0tree rings\u00a0<\/span><\/span><\/strong><span style=\"color: #1774af;\"><span style=\"color: #000000;\">(with \u00c9. Boucher, UQAM &amp; M. Savard, CGS)<\/span><\/span><\/p>\n<p><span style=\"color: #333333;\"><span style=\"color: #1774af;\"><strong>Mathilde Marchais:<span style=\"color: #000000;\">\u00a0Preindustrial forest composition from land survey archives in the Abitibi region of Quebec.<\/span><\/strong><span style=\"color: #000000;\"> (<\/span><span style=\"color: #000000;\">with<\/span><\/span><span style=\"color: #000000;\">\u00a0Y. Bergeron, UQAT)<\/span><\/span><\/p>\n<h4>Alumni:<\/h4>\n<p>Lajoie, Marie-\u00c8ve. 2017.\u00a0Estimation de la production de bois mort dans les for\u00eats pr\u00e9industrielles de l\u2019Est-du-Qu\u00e9bec.\u00a0M\u00e9moire de Maitrise, Universit\u00e9 du Qu\u00e9bec \u00e0 Rimouski\u00a0(Co-direction de\u00a0L. Sirois, UQAR).<\/p>\n<p>Victor Danneyrolles (2016):\u00a0Reconstitution de la composition des for\u00eats pr\u00e9industrielles du T\u00e9miscamingue (Qu\u00e9bec) \u00e0 partir des archives de l&#8217;arpentage primitif.\u00a0Th\u00e8se de doctorat, Universit\u00e9 du Qu\u00e9bec en Abitibi-T\u00e9miscamingue (direction de Y. Bergeron, UQAM)<\/p>\n<p>Sandy Erni (2016):\u00a0R\u00e9gulation des r\u00e9gimes de feux dans la for\u00eat bor\u00e9ale de la Baie James, Qu\u00e9bec (Direction de Y. B\u00e9gin, INRS-ETE).<\/p>\n<p>Alexandra Pierre (2015):\u00a0Comparaison des impacts des coupes foresti\u00e8res et des feux sur la s\u00e9lection d\u2019habitat et l\u2019utilisation de l\u2019espace du caribou forestier.\u00a0M\u00e9moire de Maitrise, Universit\u00e9 du Qu\u00e9bec \u00e0 Rimouski. (Direction de M.-H. Saint-Laurent, UQAR)<\/p>\n<p><span style=\"color: #333333;\">Maud Naulier (2015): D\u00e9veloppement de s\u00e9ries isotopiques et reconstitution de la temp\u00e9rature estivale du dernier mill\u00e9naire \u00e0 partir de tiges subfossiles du Nord qu\u00e9b\u00e9cois (Direction de Martine Savard et Christian B\u00e9gin, Commission g\u00e9ologique du Canada).<\/span><\/p>\n<p><span style=\"color: #333333;\">Fabio Gennaretti (2014): Analyses dendro\u00e9cologique et dendroclimatique des gisements de bois des lacs de la ta\u00efga (Co-direction de Yves B\u00e9gin, INRS-ETE).<\/span><\/p>\n<p><span style=\"color: #333333;\">Val\u00e9rie D\u00e9lisle-Gagnon (2014): Dynamique de l\u2019expansion de l\u2019\u00e9rable \u00e0 sucre (Acer saccharum marsh.) \u00e0 la limite nordique de son aire de r\u00e9partition, au Bas-Saint-Laurent (Qu\u00e9bec) (Direction de Luc Sirois, UQAR).<\/span><\/p>\n<p><span style=\"color: #333333;\">Rapha\u00eble Terrail (2013): Influence de la colonisation sur les transformations du paysage forestier depuis l\u2019\u00e9poque pr\u00e9industrielle dans l\u2019Est du Qu\u00e9bec (Canada) (Co-direction de Marie-Jos\u00e9e Fortin, University of Toronto.<\/span><\/p>\n<p><span style=\"color: #333333;\">Julia Autin (2013): Comment combiner des arbres subfossiles et vivants pour construire de longues s\u00e9ries dendrochronologiques non biais\u00e9es? (Co-direction de Yves B\u00e9gin INRS-ETE)<\/span><\/p>\n<p><span style=\"color: #333333;\">Yves Bouthillier (2013): R\u00e9ponse de l&#8217;\u00e9pinette noire aux variations de niveau d&#8217;eau de lacs du moyen nord du Qu\u00e9bec (Direction de Yves B\u00e9gin, INRS-ETE).<\/span><\/p>\n<p><span style=\"color: #333333;\">Jessie H\u00e9on (2010): Chevauchement des feux dans la ta\u00efga du Qu\u00e9bec.<\/span><\/p>\n<p><span style=\"color: #333333;\">Susan Taylor (2010): Analyse de la dynamique spatio-temporelle de la formation des emb\u00e2cles de glace dans un tron\u00e7on de la rivi\u00e8re Ouelle, Qu\u00e9bec (Direction de Thomas Buffin-B\u00e9langer, UQAR).<\/span><\/p>\n<p><span style=\"color: #333333;\">\u00c9tienne Bachand (2010): Datation dendrochronologique des mouvements de masse en milieu c\u00f4tier (Direction de Pascal Bernatchez, UQAR)<\/span><\/p>\n<p><span style=\"color: #333333;\">S\u00e9bastien Dupuis (2009): Reconstitution de la composition des for\u00eats pr\u00e9industrielles du sud-est du Qu\u00e9bec \u00e0 partir des archives d\u2019arpentage (1846-1949) (Co-direction de Luc Sirois, UQAR).<\/span><\/p>\n<p><span style=\"color: #333333;\">Benjamin Dy (2008): M\u00e9canismes d\u2019apport et temps de r\u00e9sidence des d\u00e9bris ligneux grossiers dans la zone littorale de deux lacs nord bor\u00e9aux au Qu\u00e9bec.<\/span><\/p>\n<p><span style=\"color: #333333;\">\u00c9tienne Boucher (2008): Analyse hydro-climatique et g\u00e9omorphologique des d\u00e9glacements m\u00e9caniques de la rivi\u00e8re Necopastic au Qu\u00e9bec nordique (Direction de Yves B\u00e9gin, Universit\u00e9 Laval).<\/span><\/p>\n<p><span style=\"color: #333333;\">Yan Boucher (2008): La dynamique de la for\u00eat du Bas-Saint-Laurent depuis le d\u00e9but de l\u2019exploitation foresti\u00e8re (1820-2000) (Co-direction de Luc Sirois, UQAR).<\/span><\/p>\n<p><span style=\"color: #333333;\">Patricia Glaz (2008):Dynamique spatio-temporelle des macroinvert\u00e9br\u00e9s des d\u00e9bris ligneux lentiques (Direction de Christian Nozais, UQAR).<\/span><\/p>\n<p><span style=\"color: #333333;\">Sophie Texier (2007): Reconstitution dendrochronologique de l\u2019utilisation des c\u00f4nes d\u2019\u00e9pinette noire par l\u2019\u00e9cureuil roux, dans le Nord de la for\u00eat bor\u00e9ale au Qu\u00e9bec (Co-direction de Luc Sirois, UQAR).<\/span><\/p>\n<p><span style=\"color: #333333;\">Am\u00e9lie Gilbert (2007): S\u00e9lection et d\u00e9veloppement d\u2019un r\u00e9seau de refuges biologiques dans une matrice foresti\u00e8re intensivement am\u00e9nag\u00e9e (Direction de Luc Sirois, UQAR).<\/span><\/p>\n<p><span style=\"color: #333333;\">Delphine Duros (2006): Les d\u00e9terminants de la r\u00e9g\u00e9n\u00e9ration foresti\u00e8re apr\u00e8s les feux de 1989 dans le Nord de la for\u00eat bor\u00e9ale (Direction de Luc Sirois, UQAR).<\/span><\/p>\n<p><span style=\"color: #333333;\">Maud Ablain (2005): Dynamique d\u2019une population d\u2019ostryers de Virginie (Ostrya virginiana (P. Mill) K.Koch) \u00e0 sa limite de r\u00e9partition nord-est am\u00e9ricaine (Direction de Luc Sirois, UQAR).<\/span><\/p>\n<p><span style=\"color: #333333;\">Pierrick\u00a0Grange (2005): R\u00e9gression post-incendiaire d\u2019une pessi\u00e8re surann\u00e9e dans le Nord de la for\u00eat bor\u00e9ale, Qu\u00e9bec (Direction de Luc Sirois, UQAR).<\/span><\/p>\n<p><span style=\"color: #333333;\">\u00c9tienne Boucher (2004): D\u00e9veloppement holoc\u00e8ne d\u2019une plaine alluviale en marge d\u2019un petit cours d\u2019eau au Qu\u00e9bec nordique (co-direction de Bernard H\u00e9tu, UQAR).<\/span><\/p>\n<p><span style=\"color: #333333;\">C\u00e9lia Sorel (2004): Impacts des perturbations anthropiques du XXe si\u00e8cle sur deux for\u00eats du Bas-Saint-Laurent (Qu\u00e9bec).<\/span><\/p>\n<p><span style=\"color: #333333;\">Yan Boucher (2002): Influence de l\u2019exploitation foresti\u00e8re et du feu sur deux for\u00eats du Bas-Saint-Laurent au vingti\u00e8me si\u00e8cle.<\/span><\/p>\n<p><span style=\"color: #333333;\">\u00c9lodie Bouchon (2002):\u00a0Analyse dendro\u00e9cologique du d\u00e9boisement d&#8217;une plaine alluviale dans le Nord de la for\u00eat bor\u00e9ale.<\/span><\/p>\n<p><span style=\"color: #333333;\">Daniel Busque (2001): Dynamique \u00e9cologique de &lt;em&gt;Larix laricina&lt;\/em&gt; dans les tourbi\u00e8res min\u00e9rotrophes du nord de la for\u00eat bor\u00e9ale.<\/span><\/p>\n<p><span style=\"color: #333333;\">Maurice Pena (2001):\u00a0Les Carabidae (Coleoptera) des hauts-sommets de Charlevoix\u00a0: assemblages et cycles d\u2019activit\u00e9 dans les environnements alpin, subalpin et forestier (Direction de Claude Lavoie, Universit\u00e9 Laval).<\/span><\/p>\n","protected":false},"excerpt":{"rendered":"<p>PhD students: Zahed Schakeri: Fire-vegetation interactions along a strong gradient of fire activity in the eastern Canadian taiga.\u00a0(with M Simard, U Laval) Feng Wang:\u00a0Millennial tree rings in the eastern Canadian taiga: maximum latewood density&#46;&#46;&#46;<\/p>\n","protected":false},"author":1,"featured_media":0,"parent":0,"menu_order":0,"comment_status":"closed","ping_status":"open","template":"","meta":{"_locale":"en_US","_original_post":"354","footnotes":""},"class_list":["post-840","page","type-page","status-publish","hentry","en-US"],"_links":{"self":[{"href":"https:\/\/labdendro.uqar.ca\/wp-json\/wp\/v2\/pages\/840","targetHints":{"allow":["GET"]}}],"collection":[{"href":"https:\/\/labdendro.uqar.ca\/wp-json\/wp\/v2\/pages"}],"about":[{"href":"https:\/\/labdendro.uqar.ca\/wp-json\/wp\/v2\/types\/page"}],"author":[{"embeddable":true,"href":"https:\/\/labdendro.uqar.ca\/wp-json\/wp\/v2\/users\/1"}],"replies":[{"embeddable":true,"href":"https:\/\/labdendro.uqar.ca\/wp-json\/wp\/v2\/comments?post=840"}],"version-history":[{"count":50,"href":"https:\/\/labdendro.uqar.ca\/wp-json\/wp\/v2\/pages\/840\/revisions"}],"predecessor-version":[{"id":1805,"href":"https:\/\/labdendro.uqar.ca\/wp-json\/wp\/v2\/pages\/840\/revisions\/1805"}],"wp:attachment":[{"href":"https:\/\/labdendro.uqar.ca\/wp-json\/wp\/v2\/media?parent=840"}],"curies":[{"name":"wp","href":"https:\/\/api.w.org\/{rel}","templated":true}]}}