{"id":372,"date":"2015-02-28T22:42:41","date_gmt":"2015-03-01T03:42:41","guid":{"rendered":"http:\/\/labdendro.uqar.ca\/?page_id=372"},"modified":"2015-03-04T21:16:52","modified_gmt":"2015-03-05T02:16:52","slug":"contact","status":"publish","type":"page","link":"https:\/\/labdendro.uqar.ca\/en\/contact\/","title":{"rendered":"Contact"},"content":{"rendered":"<p><span style=\"color: #333333;\"><strong>Dominique Arseneault<\/strong><\/span><\/p>\n<p><span style=\"color: #333333;\">D\u00e9partement de biologie, chimie et g\u00e9ographie<\/span><\/p>\n<p><span style=\"color: #333333;\">Universit\u00e9 du Qu\u00e9bec \u00e0 Rimouski<\/span><\/p>\n<p><span style=\"color: #333333;\">Tel: (418) 723-1986 ext. 1519<\/span><\/p>\n<p><span style=\"color: #333333;\"><a style=\"color: #333333;\" href=\"mailto:dominique_arseneault@uqar.ca\">dominique_arseneault@uqar.ca<\/a><\/span><\/p>\n<p><span style=\"color: #333333;\">&#8212;&#8212;&#8212;&#8212;&#8212;&#8212;&#8212;&#8212;&#8212;&#8212;&#8212;&#8212;&#8212;<\/span><\/p>\n<p><span style=\"color: #333333;\"><strong>Laboratoire d&#8217;\u00e9cologie historique et de dendrochronologie<\/strong><\/span><\/p>\n<p><span style=\"color: #333333;\">Room\u00a0A-001, Universit\u00e9 du Qu\u00e9bec \u00e0 Rimouski<\/span><\/p>\n<p><span style=\"color: #333333;\">Tel: (418) 723-1986 ext.\u00a01662<\/span><\/p>\n<p><span style=\"color: #333333;\">&#8212;&#8212;&#8212;&#8212;&#8212;&#8212;&#8212;&#8212;&#8212;&#8212;&#8212;&#8212;&#8212;<\/span><\/p>\n","protected":false},"excerpt":{"rendered":"<p>Dominique Arseneault D\u00e9partement de biologie, chimie et g\u00e9ographie Universit\u00e9 du Qu\u00e9bec \u00e0 Rimouski Tel: (418) 723-1986 ext. 1519 dominique_arseneault@uqar.ca &#8212;&#8212;&#8212;&#8212;&#8212;&#8212;&#8212;&#8212;&#8212;&#8212;&#8212;&#8212;&#8212; Laboratoire d&#8217;\u00e9cologie historique et de dendrochronologie Room\u00a0A-001, Universit\u00e9 du Qu\u00e9bec \u00e0 Rimouski Tel: (418)&#46;&#46;&#46;<\/p>\n","protected":false},"author":1,"featured_media":0,"parent":0,"menu_order":0,"comment_status":"closed","ping_status":"open","template":"","meta":{"_locale":"en_US","_original_post":"369","footnotes":""},"class_list":["post-372","page","type-page","status-publish","hentry","en-US"],"_links":{"self":[{"href":"https:\/\/labdendro.uqar.ca\/wp-json\/wp\/v2\/pages\/372","targetHints":{"allow":["GET"]}}],"collection":[{"href":"https:\/\/labdendro.uqar.ca\/wp-json\/wp\/v2\/pages"}],"about":[{"href":"https:\/\/labdendro.uqar.ca\/wp-json\/wp\/v2\/types\/page"}],"author":[{"embeddable":true,"href":"https:\/\/labdendro.uqar.ca\/wp-json\/wp\/v2\/users\/1"}],"replies":[{"embeddable":true,"href":"https:\/\/labdendro.uqar.ca\/wp-json\/wp\/v2\/comments?post=372"}],"version-history":[{"count":14,"href":"https:\/\/labdendro.uqar.ca\/wp-json\/wp\/v2\/pages\/372\/revisions"}],"predecessor-version":[{"id":474,"href":"https:\/\/labdendro.uqar.ca\/wp-json\/wp\/v2\/pages\/372\/revisions\/474"}],"wp:attachment":[{"href":"https:\/\/labdendro.uqar.ca\/wp-json\/wp\/v2\/media?parent=372"}],"curies":[{"name":"wp","href":"https:\/\/api.w.org\/{rel}","templated":true}]}}